{"id":8986,"date":"2025-01-15T12:03:41","date_gmt":"2025-01-15T11:03:41","guid":{"rendered":"https:\/\/villavieira.es\/regeln-fuer-die-nutzung\/"},"modified":"2025-06-29T12:21:40","modified_gmt":"2025-06-29T10:21:40","slug":"regeln-fuer-die-nutzung","status":"publish","type":"page","link":"https:\/\/villavieira.es\/de\/regeln-fuer-die-nutzung\/","title":{"rendered":"Regeln f\u00fcr die Nutzung"},"content":{"rendered":"\t\t<div data-elementor-type=\"wp-page\" data-elementor-id=\"8986\" class=\"elementor elementor-8986 elementor-6993\" data-elementor-post-type=\"page\">\n\t\t\t\t<div class=\"elementor-element elementor-element-5b6d6a1 e-flex e-con-boxed e-con e-parent\" data-id=\"5b6d6a1\" data-element_type=\"container\">\n\t\t\t\t\t<div class=\"e-con-inner\">\n\t\t\t\t<div class=\"elementor-element elementor-element-5bbfc597 elementor-widget elementor-widget-text-editor\" data-id=\"5bbfc597\" data-element_type=\"widget\" data-widget_type=\"text-editor.default\">\n\t\t\t\t<div class=\"elementor-widget-container\">\n\t\t\t\t\t\t\t\t\t<section>\n<h1><span style=\"text-align: var(--text-align); font-size: 1rem;\">Wir in der Villa Vieira m\u00f6chten, dass alle unsere G\u00e4ste einen komfortablen, sicheren und respektvollen Aufenthalt genie\u00dfen. Um dies zu tun, bitten wir Sie, die folgenden Regeln des Zusammenlebens zu beachten:<\/span><\/h1>\n<h2> <\/h2>\n<h2>\u00dcber die Zimmer<\/h2>\n<ul>\n<li>Alle Zimmer sind mit Qualit\u00e4tsbettw\u00e4sche, Handt\u00fcchern und einer kostenlosen Flasche Wasser ausgestattet.<\/li>\n<li>Die B\u00e4der werden gemeinsam genutzt, sind aber zur individuellen Verwendung vorgesehen, um Ihre Privatsph\u00e4re zu gew\u00e4hrleisten.<\/li>\n<li>Die Einrichtungen werden t\u00e4glich gereinigt, um eine angenehme Umgebung f\u00fcr alle zu schaffen.<\/li>\n<li>Bettlaken und Handt\u00fccher werden nach der Abreise jedes Gastes oder bei l\u00e4ngeren Aufenthalten alle drei N\u00e4chte gewechselt.<\/li>\n<\/ul>\n<h2> <\/h2>\n<h2>Verhaltensregeln<\/h2>\n<ul>\n<li>Der Respekt gegen\u00fcber anderen Pilgern und dem Personal ist grundlegend. Wir sind alle Teil der guten Atmosph\u00e4re in der Villa Vieira.<\/li>\n<li>Die Ruhezeiten m\u00fcssen in den Zimmern von 22:00 bis 8:00 Uhr und in der gesamten Herberge von 23:00 bis 8:00 Uhr eingehalten werden.<\/li>\n<li>Das Rauchen ist in allen Innenr\u00e4umen strengstens verboten.<\/li>\n<li>In den Zimmern d\u00fcrfen keine Speisen oder Getr\u00e4nke gelagert, gekocht oder verzehrt werden.<\/li>\n<li>Das Fr\u00fchst\u00fccksbuffet ist in Ihrem Preis inbegriffen. Sie k\u00f6nnen es jeden Morgen in Ihrem eigenen Tempo genie\u00dfen.<\/li>\n<\/ul>\n<h2> <\/h2>\n<h2>Nutzung von Einrichtungen<\/h2>\n<ul>\n<li>Die K\u00fcche und die W\u00e4scherei stehen allen G\u00e4sten zur Verf\u00fcgung. Bitte gehen Sie verantwortungsbewusst mit den Utensilien um und hinterlassen Sie alles nach Gebrauch sauber.<\/li>\n<li>Der K\u00fcchenservice steht ausschlie\u00dflich den G\u00e4sten zur Verf\u00fcgung, und die Mahlzeiten m\u00fcssen in den daf\u00fcr vorgesehenen Bereichen (K\u00fcche oder Esszimmer) eingenommen werden.<\/li>\n<li>Wir haben kostenloses WLAN in allen Gemeinschaftsbereichen und Zimmern.<\/li>\n<li>Aus Gr\u00fcnden der Ordnung und Sicherheit ist es nicht gestattet, das Mobiliar zu ver\u00e4ndern oder Gegenst\u00e4nde aus dem Wohnheim zu entfernen.<\/li>\n<\/ul>\n<h2> <\/h2>\n<h2>Verantwortlichkeiten der G\u00e4ste<\/h2>\n<ul>\n<li>Jede Besch\u00e4digung oder jeder Diebstahl wird von der verantwortlichen Partei gem\u00e4\u00df der von der Verwaltung vorgenommenen Bewertung ersetzt.<\/li>\n<li>Die Besch\u00e4digung oder der Diebstahl von Textilien wie Bettw\u00e4sche oder Handt\u00fcchern wird mit 6\u20ac pro St\u00fcck bestraft.<\/li>\n<li>Wenn Sie einen Vorfall bemerken, informieren Sie bitte so schnell wie m\u00f6glich das Herbergspersonal.<\/li>\n<\/ul>\n<h2> <\/h2>\n<h2>Andere \u00dcberlegungen<\/h2>\n<ul>\n<li>Wir haben einen Erste-Hilfe-Kasten f\u00fcr kleine Notf\u00e4lle, obwohl wir kein medizinisches Personal haben.<\/li>\n<li>Aus Sicherheits- und Hygienegr\u00fcnden sind Haustiere in unseren R\u00e4umlichkeiten nicht erlaubt.<\/li>\n<li>Besuche von Nicht-G\u00e4sten m\u00fcssen im Voraus von der Herbergsleitung genehmigt werden.<\/li>\n<\/ul>\n<p> <\/p>\n<p>Danke, dass Sie diese Regeln respektieren. Gemeinsam machen wir Villa Vieira zu einem perfekten Ort, um sich auszuruhen, zu teilen und den Jakobsweg zu genie\u00dfen.<\/p>\n<\/section>\t\t\t\t\t\t\t\t<\/div>\n\t\t\t\t<\/div>\n\t\t\t\t\t<\/div>\n\t\t\t\t<\/div>\n\t\t\t\t<\/div>\n\t\t","protected":false},"excerpt":{"rendered":"<p>Wir in der Villa Vieira m\u00f6chten, dass alle unsere G\u00e4ste einen komfortablen, sicheren und respektvollen Aufenthalt genie\u00dfen. Um dies zu tun, bitten wir Sie, die folgenden Regeln des Zusammenlebens zu beachten: \u00dcber die Zimmer Alle Zimmer sind mit Qualit\u00e4tsbettw\u00e4sche, Handt\u00fcchern und einer kostenlosen Flasche Wasser ausgestattet. Die B\u00e4der werden gemeinsam genutzt, sind aber zur individuellen [&hellip;]<\/p>\n","protected":false},"author":1,"featured_media":0,"parent":0,"menu_order":0,"comment_status":"closed","ping_status":"closed","template":"","meta":{"_acf_changed":false,"footnotes":""},"class_list":["post-8986","page","type-page","status-publish","hentry"],"acf":[],"_links":{"self":[{"href":"https:\/\/villavieira.es\/de\/wp-json\/wp\/v2\/pages\/8986","targetHints":{"allow":["GET"]}}],"collection":[{"href":"https:\/\/villavieira.es\/de\/wp-json\/wp\/v2\/pages"}],"about":[{"href":"https:\/\/villavieira.es\/de\/wp-json\/wp\/v2\/types\/page"}],"author":[{"embeddable":true,"href":"https:\/\/villavieira.es\/de\/wp-json\/wp\/v2\/users\/1"}],"replies":[{"embeddable":true,"href":"https:\/\/villavieira.es\/de\/wp-json\/wp\/v2\/comments?post=8986"}],"version-history":[{"count":1,"href":"https:\/\/villavieira.es\/de\/wp-json\/wp\/v2\/pages\/8986\/revisions"}],"predecessor-version":[{"id":8987,"href":"https:\/\/villavieira.es\/de\/wp-json\/wp\/v2\/pages\/8986\/revisions\/8987"}],"wp:attachment":[{"href":"https:\/\/villavieira.es\/de\/wp-json\/wp\/v2\/media?parent=8986"}],"curies":[{"name":"wp","href":"https:\/\/api.w.org\/{rel}","templated":true}]}}